{"id":151,"date":"2014-10-27T10:13:47","date_gmt":"2014-10-27T09:13:47","guid":{"rendered":"http:\/\/gmbk.dk\/?page_id=151"},"modified":"2022-03-15T17:38:35","modified_gmt":"2022-03-15T16:38:35","slug":"sponsorer-og-stotteinitiativer","status":"publish","type":"page","link":"http:\/\/gmbk.dk\/?page_id=151","title":{"rendered":"Sponsorer og st\u00f8tteinitiativer"},"content":{"rendered":"<h3>Sydbank var f\u00f8rst! \u00a0 \u00a0 \u00a0 \u00a0 \u00a0 \u00a0 \u00a0 \u00a0 \u00a0 \u00a0 \u00a0 \u00a0\u00a0<span style=\"color: #008000;\">Gr\u00f8nne Partnerskaber<\/span>\u00a0 \u00a0 \u00a0 \u00a0 \u00a0 \u00a0 \u00a0 \u00a0 \u00a0Friluftsr\u00e5det\/Tipsmidler<\/h3>\n<div class=\"boxes\">\n<div class=\"boxes\">\n<div class=\"boxes\">\n<div class=\"boxes\">\n<div class=\"boxes\">\n<div class=\"boxes\">\n<div class=\"box three first\"><img decoding=\"async\" src=\"file:\/\/\/C:\/Users\/Bent%20Thestrup\/Desktop\/Logo-I-P-Niesen-Fonden1.png\" alt=\"\" \/>Den f\u00f8rste sponsor, der meldte sig p\u00e5 banen, var Sydbank Fonden. Vi ans\u00f8gte om Kr. 20.000,- og vi fik det fulde bel\u00f8b. Det er vi meget taknemmelige for.\u00a0Vi var aldrig kommet s\u00e5 hurtigt fra start, hvis ikke Sydbank Fonden havde reageret s\u00e5 hurtigt.<br \/>\nSt\u00f8rstedelen af bel\u00f8bet er anvendt til maskinleje, mest fx til sm\u00e5 minigravere, der kan flytte en masse jord og dermed rydde skovbunden til et godt spor og en mindre del er g\u00e5et til materialer som stabilgrus og forbrugsstoffer til maskinerne.<br \/>\nVi planl\u00e6gger at invitere alle Sydbank ansatte, der m\u00e5tte k\u00f8re mountainbike til en pr\u00f8vetur, s\u00e5ledes at alle kan se hvad pengene er g\u00e5et til.<br \/>\n<a class=\"rg_l\" href=\"http:\/\/www.google.dk\/imgres?imgurl=http:\/\/data.moveon.dk\/data\/image\/\/10911\/Sydbank-logo-010512.png&amp;imgrefurl=http:\/\/sdu.jobbank.dk\/virksomheder\/16368\/profil\/sydbank-as&amp;h=100&amp;w=200&amp;tbnid=S7ocD7sICgrntM:&amp;zoom=1&amp;docid=xmuQWhUSr1PtcM&amp;ei=ey1OVISAJYT5ywOe94CYDw&amp;tbm=isch&amp;ved=0CCgQMygJMAk\"><img loading=\"lazy\" decoding=\"async\" class=\"rg_i\" src=\"https:\/\/encrypted-tbn0.gstatic.com\/images?q=tbn:ANd9GcT-7za-Tfdq3bBBKnVP4FQtm7GjnMVlq-nu_VeKH8OyF8DgfP_rvw\" alt=\"\" width=\"204\" height=\"102\" name=\"S7ocD7sICgrntM:\" data-src=\"https:\/\/encrypted-tbn0.gstatic.com\/images?q=tbn:ANd9GcT-7za-Tfdq3bBBKnVP4FQtm7GjnMVlq-nu_VeKH8OyF8DgfP_rvw\" data-sz=\"f\" \/><\/a><\/div>\n<div class=\"box three\">Lokale Gr\u00f8nne Partnerskaber er et st\u00f8ttekoncept under Naturstyrelsen, som st\u00f8tter aktiviteter der fremme brugen af naturen og friluftsliv, hvis flere foreninger g\u00e5r sammen om et projekt. Vi ramte plet med vores ans\u00f8gning og fik Kr. 39.069,- som prim\u00e6rt bliver anvendt til opfyldningsmterialer samt 3 h\u00e5rdttr\u00e6sbroer. Alle 3 broer opfylder \u00f8nsket fra Naturstyrelsen, Friluftsr\u00e5det og Danmarks Naturfredningsforening, om at MTB-k\u00f8rerne kan k\u00f8re sporet igennem uden at skulle krydse andre broer og veje, med risiko for at der kan opst\u00e5 konflikter med andre af skovens bes\u00f8gene. Vi er meget taknemmelige for bel\u00f8bet. Broerne medvirker desuden til at g\u00f8re sporet mere sp\u00e6ndende og tilmed \u00f8ge herlighedsv\u00e6rdien for alle der anvender sporet.<\/div>\n<div class=\"box three last\">Friluftsr\u00e5det, der forvalter en stor del af tipsmidlerne fra Danske Spil, har p\u00e5 baggrund af vores ans\u00f8gning, besluttet at st\u00f8tte sporarbejdet med Kr. 26.100,- Eneste betingelse, at den \u00f8vrige st\u00f8tteprocentdel overstiger en vis andel, hvilket netop kunne overholdes.<a class=\"rg_l\" href=\"http:\/\/www.google.dk\/imgres?imgurl=http:\/\/ntsnet.dk\/sites\/default\/files\/friluftsr%2525C3%2525A5det.jpg&amp;imgrefurl=http:\/\/ntsnet.dk\/projektboersen\/fonde\/s%25C3%25B8g-tilskud-til-arrangement-naturens-dag-2014&amp;h=156&amp;w=323&amp;tbnid=zzaMI8qbQQ_JgM:&amp;zoom=1&amp;docid=FHr_ReStie6HfM&amp;ei=P0ZOVNXGIePIyAPSoIGACg&amp;tbm=isch&amp;ved=0CCwQMygNMA0\"><img loading=\"lazy\" decoding=\"async\" class=\"rg_i\" src=\"https:\/\/encrypted-tbn0.gstatic.com\/images?q=tbn:ANd9GcQIFdCE4nspPr5fcTFiETEM5DVJh9FIMKQUaAVi12rE5HyCiFf5\" alt=\"\" width=\"204\" height=\"98\" name=\"zzaMI8qbQQ_JgM:\" data-src=\"https:\/\/encrypted-tbn0.gstatic.com\/images?q=tbn:ANd9GcQIFdCE4nspPr5fcTFiETEM5DVJh9FIMKQUaAVi12rE5HyCiFf5\" data-sz=\"f\" \/><\/a><\/div>\n<div class=\"box three last\">\u00a0Tuborgs Gr\u00f8nne Fond valgte at st\u00f8tte en massiv siddegruppen med Kr. 9.500,- Det massive bord- og b\u00e6nkes\u00e6t er beregnet til 16-18 personer og udf\u00f8rt i det st\u00e6rkeste h\u00e5rdttr\u00e6 og vil s\u00e5vel udg\u00f8re MTB-klubbens &#8220;pit-stop&#8221; samt gl\u00e6de alle andre af skovens bes\u00f8gende &#8211; placeringen er med den flotteste udsigt i hele Kelstrup Plantage \ud83d\ude42<br \/>\n<a href=\"http:\/\/www.gmbk.dk\/wp-content\/uploads\/2014\/10\/Tuborgs_G_Fond_2014_72dpi.jpg\"><img loading=\"lazy\" decoding=\"async\" class=\"alignnone wp-image-441\" src=\"http:\/\/www.gmbk.dk\/wp-content\/uploads\/2014\/10\/Tuborgs_G_Fond_2014_72dpi-300x300.jpg\" alt=\"Tuborgs_G_Fond_2014_72dpi\" width=\"147\" height=\"147\" srcset=\"http:\/\/gmbk.dk\/wp-content\/uploads\/2014\/10\/Tuborgs_G_Fond_2014_72dpi-300x300.jpg 300w, http:\/\/gmbk.dk\/wp-content\/uploads\/2014\/10\/Tuborgs_G_Fond_2014_72dpi-150x150.jpg 150w, http:\/\/gmbk.dk\/wp-content\/uploads\/2014\/10\/Tuborgs_G_Fond_2014_72dpi-1024x1019.jpg 1024w\" sizes=\"(max-width: 147px) 100vw, 147px\" \/><\/a><\/div>\n<div class=\"box three last\"><img decoding=\"async\" src=\"file:\/\/\/C:\/Users\/Bent%20Thestrup\/Desktop\/Logo-I-P-Niesen-Fonden1.png\" alt=\"\" \/>Mandag den 3. august 2015 modtog vi Kr. 15.000 fra I.P.Nielsen Fonden overrakt af fondens protektor HKH Prinsesse Benedikte. Bel\u00f8bet g\u00e5r ubesk\u00e5ret til f\u00e6rdigg\u00f8relse af den sidste etape af mountainbike sporet.<a href=\"http:\/\/www.gmbk.dk\/wp-content\/uploads\/2014\/10\/Logo-I-P-Niesen-Fonden1.png\"><img loading=\"lazy\" decoding=\"async\" class=\"alignnone size-full wp-image-393\" src=\"http:\/\/www.gmbk.dk\/wp-content\/uploads\/2014\/10\/Logo-I-P-Niesen-Fonden1.png\" alt=\"Logo-I-P-Niesen-Fonden1\" width=\"288\" height=\"95\" \/><\/a><\/div>\n<\/div>\n<\/div>\n<\/div>\n<\/div>\n<\/div>\n<\/div>\n<p><img decoding=\"async\" src=\"file:\/\/\/C:\/Users\/Bent%20Thestrup\/Desktop\/Logo-I-P-Niesen-Fonden1.png\" alt=\"\" \/><\/p>\n<p>&nbsp;<\/p>","protected":false},"excerpt":{"rendered":"<p>Sydbank var f\u00f8rst! \u00a0 \u00a0 \u00a0 \u00a0 \u00a0 \u00a0 \u00a0 \u00a0 \u00a0 \u00a0 \u00a0 \u00a0\u00a0Gr\u00f8nne Partnerskaber\u00a0 \u00a0 \u00a0 \u00a0 \u00a0 \u00a0 \u00a0 \u00a0 \u00a0Friluftsr\u00e5det\/Tipsmidler Den f\u00f8rste sponsor, der meldte sig p\u00e5 banen, var Sydbank Fonden. Vi ans\u00f8gte om Kr. 20.000,- og vi fik det fulde bel\u00f8b. Det er vi meget taknemmelige for.\u00a0Vi var aldrig kommet [&hellip;]<\/p>\n","protected":false},"author":1,"featured_media":0,"parent":0,"menu_order":0,"comment_status":"open","ping_status":"closed","template":"","meta":{"footnotes":""},"_links":{"self":[{"href":"http:\/\/gmbk.dk\/index.php?rest_route=\/wp\/v2\/pages\/151"}],"collection":[{"href":"http:\/\/gmbk.dk\/index.php?rest_route=\/wp\/v2\/pages"}],"about":[{"href":"http:\/\/gmbk.dk\/index.php?rest_route=\/wp\/v2\/types\/page"}],"author":[{"embeddable":true,"href":"http:\/\/gmbk.dk\/index.php?rest_route=\/wp\/v2\/users\/1"}],"replies":[{"embeddable":true,"href":"http:\/\/gmbk.dk\/index.php?rest_route=%2Fwp%2Fv2%2Fcomments&post=151"}],"version-history":[{"count":26,"href":"http:\/\/gmbk.dk\/index.php?rest_route=\/wp\/v2\/pages\/151\/revisions"}],"predecessor-version":[{"id":715,"href":"http:\/\/gmbk.dk\/index.php?rest_route=\/wp\/v2\/pages\/151\/revisions\/715"}],"wp:attachment":[{"href":"http:\/\/gmbk.dk\/index.php?rest_route=%2Fwp%2Fv2%2Fmedia&parent=151"}],"curies":[{"name":"wp","href":"https:\/\/api.w.org\/{rel}","templated":true}]}}