{"id":14,"date":"2014-04-24T14:25:07","date_gmt":"2014-04-24T14:25:07","guid":{"rendered":"http:\/\/gmbk.dk\/?page_id=14"},"modified":"2022-03-15T17:46:07","modified_gmt":"2022-03-15T16:46:07","slug":"klubben","status":"publish","type":"page","link":"https:\/\/gmbk.dk\/?page_id=14","title":{"rendered":"Klubben"},"content":{"rendered":"<p>Helt i tr\u00e5d med tiden, hvor individualister dyrker den sport de elsker, n\u00e5r de har tid i mellem familie, job og mange andre aktiviteter, arrangerer mange MTB-k\u00f8rere k\u00f8ref\u00e6llesskaber og m\u00f8des i st\u00f8rre eller mindre flokke for at dyrke deres f\u00e6lles interesse.<\/p>\n<p>Det kunne vi ogs\u00e5 have fortsat med &#8211; det ville da have v\u00e6ret det nemmeste og mindst forpligtende. Men vi valgte i stedet at stifte en klub:<br \/>\n<strong>Gr\u00e6nseegnens Mountainbike Klub<\/strong><br \/>\nog ans\u00f8ge om tilladelse til at bygge et eget spor hos Naturstyrelsen. Vi fik tilladelsen og har ans\u00f8gt flere fonde om midler til det store anl\u00e6gsarbejde.<\/p>\n<p>Nu er det s\u00e5dan, at alle kan benytte sporet, medlem eller ej, da lodsejeren er Naturstyrelsen. Klubben har \u00e9n eneste rettighed, og det er, at n\u00e5r vi har f\u00e5et tilladelse til at afholde et MTB-l\u00f8b, s\u00e5 er det os der ejer sporet &#8211; den dag \ud83d\ude42 Skulle nogen finde p\u00e5 at \u00f8del\u00e6gge eller sabotere sporet &#8211; er vi forpligtet til at indberette h\u00e6ndelsen til Naturstyrelsen eller Politiet, idet F\u00e6rdselsloven fuldt ud g\u00e6lder p\u00e5 hele sporet. Herudover har vi i klubben forpligtet sig til at pleje og vedligeholde sporet i mindst 5 \u00e5r en forpligtelse som allerede er forl\u00e6nget \u00e9n gang.<\/p>\n<p>Klubbens bestyrelsen arbejder l\u00f8bende p\u00e5 at fastholde de v\u00e6rdier, som vi gerne vil v\u00e6re kendt for. Det er punkter der indeholder f\u00f8lgende: respekt for naturen, respekt for andre brugere af skoven, godt sportsligt og socialt klima i klubben, engagerede ledere og tr\u00e6nere og en masse andre gode ting&#8230;<br \/>\nDe etiske regler for k\u00f8rsel p\u00e5 mountainbike vil v\u00e6re en del af klubbens vedt\u00e6gter.<\/p>\n<p><span style=\"color: #ff0000;\"><strong>ALLE MED EN MOUNTAINBIKE OG EN STYRTHJELM ER VELKOMNE SOM MEDLEM AF KLUBBEN &#8211; UANSET HVOR DU BOR!<\/strong><\/span><\/p>","protected":false},"excerpt":{"rendered":"<p>Helt i tr\u00e5d med tiden, hvor individualister dyrker den sport de elsker, n\u00e5r de har tid i mellem familie, job og mange andre aktiviteter, arrangerer mange MTB-k\u00f8rere k\u00f8ref\u00e6llesskaber og m\u00f8des i st\u00f8rre eller mindre flokke for at dyrke deres f\u00e6lles interesse. Det kunne vi ogs\u00e5 have fortsat med &#8211; det ville da have v\u00e6ret det [&hellip;]<\/p>\n","protected":false},"author":1,"featured_media":0,"parent":0,"menu_order":0,"comment_status":"open","ping_status":"open","template":"","meta":{"footnotes":""},"_links":{"self":[{"href":"https:\/\/gmbk.dk\/index.php?rest_route=\/wp\/v2\/pages\/14"}],"collection":[{"href":"https:\/\/gmbk.dk\/index.php?rest_route=\/wp\/v2\/pages"}],"about":[{"href":"https:\/\/gmbk.dk\/index.php?rest_route=\/wp\/v2\/types\/page"}],"author":[{"embeddable":true,"href":"https:\/\/gmbk.dk\/index.php?rest_route=\/wp\/v2\/users\/1"}],"replies":[{"embeddable":true,"href":"https:\/\/gmbk.dk\/index.php?rest_route=%2Fwp%2Fv2%2Fcomments&post=14"}],"version-history":[{"count":14,"href":"https:\/\/gmbk.dk\/index.php?rest_route=\/wp\/v2\/pages\/14\/revisions"}],"predecessor-version":[{"id":718,"href":"https:\/\/gmbk.dk\/index.php?rest_route=\/wp\/v2\/pages\/14\/revisions\/718"}],"wp:attachment":[{"href":"https:\/\/gmbk.dk\/index.php?rest_route=%2Fwp%2Fv2%2Fmedia&parent=14"}],"curies":[{"name":"wp","href":"https:\/\/api.w.org\/{rel}","templated":true}]}}