{"id":411,"date":"2015-08-14T10:22:42","date_gmt":"2015-08-14T09:22:42","guid":{"rendered":"http:\/\/gmbk.dk\/?page_id=411"},"modified":"2022-03-15T17:43:16","modified_gmt":"2022-03-15T16:43:16","slug":"faellestraeninger-er-sa-sjove-og-absolut-det-der-giver-mest","status":"publish","type":"page","link":"https:\/\/gmbk.dk\/?page_id=411","title":{"rendered":"F\u00e6llestr\u00e6ninger er s\u00e5 sjove &#8211; og absolut det der giver mest&#8230;."},"content":{"rendered":"<p><strong>F\u00c6LLESTR\u00c6NINGER ER FREMOVER HVER S\u00d8NDAG KL. 10:00 (SE FACEBOOK-GRUPPEN)\u00a0<\/strong><strong>FRA P-PLADSEN.<br \/>\n<\/strong><strong>DA ALLE SKAL HAVE EN GOD OPLEVELSE, UANSET OM MAN ER BEGYNDER ELLER \u00d8VET, K\u00d8RER VI EFTER F\u00d8LGENDE M\u00d8NSTER:<\/strong><\/p>\n<p><strong>VI STARTER BL\u00d8DT OP MED AT K\u00d8RE 1 ELLER M\u00c5SKE 2 OMGANGE I ET TEMPO, SOM LANGSOMSTE K\u00d8RER BESTEMMER.<br \/>\n<\/strong><strong>P\u00c5 DEN M\u00c5DE VIL VI K\u00d8RE SAMMEN I EN STOR FLOK OG HYGGE OS &#8211; HVILKET ER DET VIGTIGSTE AF ALT.<br \/>\nHEREFTER ER DER FRIT SPIL OG ALLE HESTE SLIPPES L\u00d8S 1 ELLER 2 YDERLIGERE OMGANGE &#8211; HER ER DER INGEN DER VENTER \ud83d\ude42<\/strong><\/p>\n<p><strong>PRINCIPPET GIVER TO FORDELE:<br \/>\n<\/strong><strong>1. INGEN BEGYNDER F\u00d8LER SIG SVIGTET ELLER TIL OVERS &#8211; SOM DEN DE ANDRE VENTER P\u00c5&#8230;<br \/>\ndet viser sig at v\u00e6re \u00e9n af de afg\u00f8rende anledninger til at forlade sporten&#8230;.<br \/>\n<\/strong><br \/>\n<strong>2. DE \u00d8VEDE VIL P\u00c5 DEN M\u00c5DE VARME OP, INDEN DER GIVES GAS<br \/>\nhvilket selv mange garvede k\u00f8rere ofte glemmer<\/strong><\/p>\n<p><strong>VI GL\u00c6DER OS TIL AT K\u00d8RE SAMMEN MED DIG.\u00a0<\/strong><\/p>\n<p><strong>ENESTE KRAV &#8211; DU K\u00d8RE MED STYRTHJELM \ud83d\ude42<br \/>\nOG HUSK LYGTER I DEN M\u00d8RKE TID.<\/strong><\/p>\n<p>&nbsp;<\/p>\n<p><strong>\u00a0<\/strong><\/p>\n<p>&nbsp;<\/p>\n<p>&nbsp;<\/p>\n<p>&nbsp;<\/p>\n<p>&nbsp;<\/p>\n<p>&nbsp;<\/p>\n<p>&nbsp;<\/p>","protected":false},"excerpt":{"rendered":"<p>F\u00c6LLESTR\u00c6NINGER ER FREMOVER HVER S\u00d8NDAG KL. 10:00 (SE FACEBOOK-GRUPPEN)\u00a0FRA P-PLADSEN. DA ALLE SKAL HAVE EN GOD OPLEVELSE, UANSET OM MAN ER BEGYNDER ELLER \u00d8VET, K\u00d8RER VI EFTER F\u00d8LGENDE M\u00d8NSTER: VI STARTER BL\u00d8DT OP MED AT K\u00d8RE 1 ELLER M\u00c5SKE 2 OMGANGE I ET TEMPO, SOM LANGSOMSTE K\u00d8RER BESTEMMER. P\u00c5 DEN M\u00c5DE VIL VI K\u00d8RE SAMMEN [&hellip;]<\/p>\n","protected":false},"author":4,"featured_media":0,"parent":0,"menu_order":0,"comment_status":"open","ping_status":"open","template":"","meta":{"footnotes":""},"_links":{"self":[{"href":"https:\/\/gmbk.dk\/index.php?rest_route=\/wp\/v2\/pages\/411"}],"collection":[{"href":"https:\/\/gmbk.dk\/index.php?rest_route=\/wp\/v2\/pages"}],"about":[{"href":"https:\/\/gmbk.dk\/index.php?rest_route=\/wp\/v2\/types\/page"}],"author":[{"embeddable":true,"href":"https:\/\/gmbk.dk\/index.php?rest_route=\/wp\/v2\/users\/4"}],"replies":[{"embeddable":true,"href":"https:\/\/gmbk.dk\/index.php?rest_route=%2Fwp%2Fv2%2Fcomments&post=411"}],"version-history":[{"count":14,"href":"https:\/\/gmbk.dk\/index.php?rest_route=\/wp\/v2\/pages\/411\/revisions"}],"predecessor-version":[{"id":717,"href":"https:\/\/gmbk.dk\/index.php?rest_route=\/wp\/v2\/pages\/411\/revisions\/717"}],"wp:attachment":[{"href":"https:\/\/gmbk.dk\/index.php?rest_route=%2Fwp%2Fv2%2Fmedia&parent=411"}],"curies":[{"name":"wp","href":"https:\/\/api.w.org\/{rel}","templated":true}]}}