{"id":465,"date":"2016-02-25T22:16:00","date_gmt":"2016-02-25T21:16:00","guid":{"rendered":"http:\/\/gmbk.dk\/?page_id=465"},"modified":"2018-03-30T11:39:23","modified_gmt":"2018-03-30T10:39:23","slug":"vedtaegter","status":"publish","type":"page","link":"https:\/\/gmbk.dk\/?page_id=465","title":{"rendered":"Vedt\u00e6gter"},"content":{"rendered":"<p><strong><u>Vedt\u00e6gter for Gr\u00e6nseegnens Mountainbike Klub<\/u><\/strong><\/p>\n<p>1. Hjemsted: Klubbens navn er &#8221; Gr\u00e6nseegnens Mountainbike Klub &#8221; med hjemsted i \u00c5benr\u00e5 Kommune.<\/p>\n<p>Klubben er organiseret som en selvst\u00e6ndig forening med CVR-nummer 39365804.<br \/>\n2. Kerneomr\u00e5der:<\/p>\n<ol>\n<li>Bredde mountainbike som henvender sig til motionister i alle aldre.<\/li>\n<li>Talentudvikling \u2013 l\u00f8bende n\u00e5r talent spottes.<\/li>\n<li>Elite mountainbike \u2013 m\u00e5ske p\u00e5 lidt l\u00e6ngere sigt, n\u00e5r bane og tr\u00e6ningsmuligheder er gode.<\/li>\n<\/ol>\n<p>3. Form\u00e5l:<\/p>\n<p>Form\u00e5let med klubben er<\/p>\n<ol>\n<li>At udbrede kendskabet til mountainbikesporten<\/li>\n<li>At skabe et givende tr\u00e6ningsmilj\u00f8 for mountainbikere<\/li>\n<li>At skabe et sundt og socialt netv\u00e6rk for nye s\u00e5vel som erfarne ud\u00f8vere af mountainbikere<\/li>\n<\/ol>\n<p>4. Drift:<\/p>\n<p>Klubbens drift d\u00e6kkes gennem sponsorater, offentligt tilskud, overskud p\u00e5 arrangementer og medlemskontingent. Overskud af klubbens drift kan alene komme klubben\/klubbens medlemmer til gode.<\/p>\n<p>Bestyrelsen kan godkende, at formanden alene eller sammen med regnskabsf\u00f8reren i f\u00e6llesskab kan<\/p>\n<ul>\n<li>tegne klubben og<\/li>\n<li>kan disponere over klubbens formue, samt til at<\/li>\n<li>tegne klubben i \u00f8konomiske anliggender,<\/li>\n<li>herunder at disponere over klubbens midler via internet bank<\/li>\n<li>Ved \u00f8konomiske dispositioner\/bilag kr\u00e6ves dog altid underskrifter af formand og regnskabsf\u00f8reren inden regnskab udarbejdes.<\/li>\n<\/ul>\n<p>Regnskabsf\u00f8reren f\u00f8rer medlemsprotokol og et specificeret regnskab. Regnskabsf\u00f8reren skal til enhver tid<br \/>\nf\u00f8lge den af bestyrelsen vedtagne forretningsorden. Revisoren kan til enhver tid forlange at f\u00e5<br \/>\nregnskabet og kassebeholdningen forevist.<\/p>\n<p>5. Bestyrelsen<\/p>\n<p>Stk.1<\/p>\n<p>Bestyrelsen best\u00e5r af 5 personer prim\u00e6rt fra klubben, dog kan 1-2 medlemmer v\u00e6lges<\/p>\n<p>udenfor klubben, hvor s\u00e6rlige kompetencer er p\u00e5kr\u00e6vet. Bestyrelsen best\u00e5r af en formand,<\/p>\n<p>en regnskabsf\u00f8rer og 3-4 bestyrelsesmedlemmer plus evt. 1 rytterrepr\u00e6sentant.<\/p>\n<p>Der kan v\u00e6lges 1 suppleant til bestyrelsen.<\/p>\n<p>Bestyrelsesmedlemmer og suppleant v\u00e6lges p\u00e5 generalforsamlingen.<\/p>\n<p>Stk. 2<\/p>\n<p>Med reference til bestyrelsen kan der dannes diverse udvalg til varetagelse af interesseomr\u00e5der<\/p>\n<p>og arbejdsopgaver. Disse udvalg kan neds\u00e6ttes p\u00e5 klubaftener tilg\u00e6ngelig for alle medlemmer<\/p>\n<p>i klubben. Desuden kan bestyrelsen til enhver tid efter behov neds\u00e6tte udvalg eller oph\u00e6ve<\/p>\n<p>udvalg.<\/p>\n<p>Stk. 3<\/p>\n<p>Formanden indkalder til bestyrelsesm\u00f8der efter behov, eller n\u00e5r et bestyrelsesmedlem \u00f8nsker<br \/>\ndet. Bestyrelsen er beslutningsdygtig, n\u00e5r mindst halvdelen af bestyrelsen er til stede.<br \/>\nFormanden leder m\u00f8derne, og i tilf\u00e6lde af stemmelighed, hvor afg\u00f8relse skal tr\u00e6ffes, er<br \/>\nformandens stemme udslagsgivende.<\/p>\n<p>Der tages referat af m\u00f8derne og disse synligg\u00f8res overfor medlemmerne via facebook gruppen.<\/p>\n<p>Formanden er berettiget til at handle p\u00e5 klubbens vegne i sager, som ikke t\u00e5ler uds\u00e6ttelse,<br \/>\nmen skal i s\u00e5 fald freml\u00e6gge sagen ved f\u00f8rstkommende bestyrelsesm\u00f8de.<\/p>\n<p>Stk. 4<\/p>\n<p>Bestyrelsessuppleanterne og rytterrepr\u00e6sentant har ikke stemmeret i bestyrelsen.<\/p>\n<p>Suppleanter er ikke forpligtet til at m\u00f8de op til bestyrelsesm\u00f8der, med mindre denne i kraft af<\/p>\n<p>rollen som suppleant er indkaldt af formanden.<\/p>\n<p>Stk. 5<\/p>\n<p>Klubbens regnskabs\u00e5r er kalender\u00e5ret, 1. januar til 31. december. Regnskabet f\u00f8res af<\/p>\n<p>regnskabsf\u00f8reren og denne afl\u00e6gger regnskab p\u00e5 den \u00e5rlige generalforsamling.<\/p>\n<p>Stk. 6<\/p>\n<p>For bestyrelsens medlemmer g\u00e6lder dansk rets almindelige erstatningsregler, men<\/p>\n<p>medlemmerne h\u00e6fter i \u00f8vrigt ikke personligt for klubbens \u00f8konomiske forpligtelser.<\/p>\n<p>Ved k\u00f8b, salg og pants\u00e6tning af fast ejendom kr\u00e6ves underskrift fra samtlige<\/p>\n<p>bestyrelsesmedlemmer.<\/p>\n<p>Stk. 7<\/p>\n<p>Bestyrelsens medlemmer skal v\u00e6re myndige. Bestyrelseshvervet er ul\u00f8nnet, mens<\/p>\n<p>rejseudgifter og andre udgifter i medf\u00f8r heraf kan afholdes af klubben.<\/p>\n<p>&nbsp;<\/p>\n<p>6. Kontingent<\/p>\n<p>Stk. 1<\/p>\n<p>Forslag til kontingentet indstilles af bestyrelsen. Det \u00e5rlige kontingent fasts\u00e6ttes ved<\/p>\n<p>generalforsamlingen. Kontingentperioden d\u00e6kker 1. marts til udgangen af februar \u00e5ret efter og betales<\/p>\n<p>forud. Opkr\u00e6vning udsendes ikke, men bekendtg\u00f8res p\u00e5 Facebook gruppen umiddelbart efter\u00a0generalforsamlingen med kontingentst\u00f8rrelse<br \/>\nog anvisning om hvordan kontingentet skal betales.<\/p>\n<p>S\u00e5fremt kontingentet ikke er indbetalt 4 uger<\/p>\n<p>efter forfaldsdato, medf\u00f8rer dette udelukkelse fra al aktivitet omkring klubben, indtil<\/p>\n<p>betalingen har fundet sted.<\/p>\n<p>7. Indmeldelse og udmeldelse<\/p>\n<p>Stk. 1<\/p>\n<p>Der kan opn\u00e5s medlemskab af klubben fra det \u00e5r hvor et medlem fylder 8 \u00e5r, s\u00e5fremt der<\/p>\n<p>ikke er et \u00f8konomisk mellemv\u00e6rende med klubben, andre cykelklubber.<\/p>\n<p>Deltagelse i tr\u00e6ning og \u00f8vrige aktiviteter kan v\u00e6re betinget af en minimumsalder, som<\/p>\n<p>fasts\u00e6ttes af tr\u00e6nerne i samarbejde med udvalgene. Oplysninger om alderskrav vil fremg\u00e5 af<\/p>\n<p>konditionerne for de enkelte tr\u00e6ningshold og\/eller aktiviteter.<\/p>\n<p>Personer, der \u00f8nsker at blive optaget som medlem, m\u00e5 udfylde skriftlig indmeldelse, der bl.a.<\/p>\n<p>indeholder navn, f\u00f8dselsdato, emailadresse og bop\u00e6l til klubbens bestyrelse. S\u00e5fremt et<\/p>\n<p>medlem ikke er myndigt, skal indmeldes ske med en v\u00e6rges samtykke. Et hvert medlem er<\/p>\n<p>pligtigt at meddele \u00e6ndringer i adresse og emailadresse.<\/p>\n<p>Betaling af kontingent sker elektronisk via det af bestyrelsens anviste system.<\/p>\n<p>Stk. 2<\/p>\n<p>Udmeldelse kan ske skriftlig til bestyrelsen via email med 14 dages varsel til udgangen af en m\u00e5ned.<\/p>\n<p>Medlemmet har krav p\u00e5 en skriftlig bekr\u00e6ftelse p\u00e5 udmeldelsen.<\/p>\n<p>Ved udmeldelse refunderes ikke forudbetalt kontingent.<\/p>\n<p>8. Generalforsamling<\/p>\n<p>Stk. 1<\/p>\n<p>Generalforsamlingen er h\u00f8jeste myndighed i klubbens anliggender. Den afholdes en gang<\/p>\n<p>\u00e5rligt inden den 1.marts.<\/p>\n<p>Stk. 2<\/p>\n<p>Kandidater til bestyrelsen skal meddeles senest 2 uger inden Generalforsamlingen.<\/p>\n<p>Stk. 3<\/p>\n<p>Bestyrelsen udsender indkaldelse til generalforsamlingen i henhold til vedt\u00e6gterne<\/p>\n<p>til det enkelte medlem via facebook gruppen med mindst 14 dages varsel.<\/p>\n<p>Forslag der \u00f8nskes behandlet p\u00e5 generalforsamlingen, skal v\u00e6re indsendt skriftligt via<\/p>\n<p>email til bestyrelsesformanden senest 8 dage f\u00f8r generalforsamlingen.<\/p>\n<p>Stk. 4<\/p>\n<p>Dagsordenspunkter p\u00e5 generalforsamlingen er:<\/p>\n<ol>\n<li>Valg af dirigent.<\/li>\n<li>Bestyrelsens beretning for det forl\u00f8bne \u00e5r.<\/li>\n<li>Freml\u00e6ggelse af regnskab for det forl\u00f8bne \u00e5r til godkendelse.<\/li>\n<li>Freml\u00e6ggelse af budget for det kommende \u00e5r til godkendelse.<\/li>\n<li>Fasts\u00e6ttelse af kontingent.<\/li>\n<li>Planer for det kommende \u00e5r.<\/li>\n<li>Behandling af indkomne forslag.<\/li>\n<li>Valg af bestyrelsesmedlemmer.<\/li>\n<li>Valg af revisor og suppleant for revisor<\/li>\n<li>Eventuelt &#8211; under dette punkt kan intet besluttes.<\/li>\n<\/ol>\n<p>Stk. 5<\/p>\n<p>Generalforsamlingen bestemmer afstemningsm\u00e5den og er beslutningsdygtig uanset antallet af<\/p>\n<p>fremm\u00f8dte medlemmer.<\/p>\n<p>Ved vedt\u00e6gts\u00e6ndringer kr\u00e6ves 2\/3 flertal af de fremm\u00f8dte medlemmer.<\/p>\n<p>Stk. 6<\/p>\n<p>Generalforsamlingen ledes af en p\u00e5 denne valgte dirigent.<\/p>\n<p>Stk. 7<\/p>\n<p>Stemmeret p\u00e5 generalforsamlingen har ethvert medlem, som er fyldt 18 \u00e5r og som har v\u00e6ret<\/p>\n<p>medlem af klubben i de seneste 2 m\u00e5neder f\u00f8r generalforsamlingen og som ikke er i<\/p>\n<p>kontingentrestance.<\/p>\n<p>Stemmeafgivning kan udelukkende ud\u00f8ves ved personligt fremm\u00f8de.<\/p>\n<p>Stk. 8<\/p>\n<p>P\u00e5 generalforsamlingen freml\u00e6gges det forgangne \u00e5rs regnskab, der forinden er revideret af<\/p>\n<p>en af generalforsamlingen valgt revisor. Revisor kan ikke v\u00e6re medlem af klubben.<\/p>\n<p>Der v\u00e6lges endvidere en suppleant for revisoren.<\/p>\n<p>Stk. 9<\/p>\n<p>Der udarbejdes referat\/protokol over generalforsamlingen, som g\u00f8res tilg\u00e6ngelig for<\/p>\n<p>medlemmerne via email.<\/p>\n<p>9. Ekstraordin\u00e6r generalforsamling<\/p>\n<p>Ekstraordin\u00e6r generalforsamling kan afholdes, n\u00e5r bestyrelsen finder det n\u00f8dvendigt, eller<\/p>\n<p>senest 3 uger efter at mindst 1\/4 af de stemmeberettigede medlemmer har forlangt dette.<\/p>\n<p>Dette sker ved skriftlig henvendelse til formanden via email, og med angivelse af hvilke<\/p>\n<p>forslag, der \u00f8nskes behandlet.<\/p>\n<p>Ekstraordin\u00e6r generalforsamling indkaldes med 14 dages varsel via det enkelte medlems email.<\/p>\n<p>Der udarbejdes referat\/protokol over den ekstraordin\u00e6re generalforsamling, som g\u00f8res<\/p>\n<p>tilg\u00e6ngelig for medlemmerne via klubbens hjemmeside.<\/p>\n<p>10. Udelukkelse og eksklusion<\/p>\n<p>G\u00f8r et medlem efter bestyrelsens sk\u00f8n sig skyld i en adf\u00e6rd, der kr\u00e6nker\/skader klubbens<\/p>\n<p>anseelse eller ved usportslig optr\u00e6den, kan medlemmet ekskluderes.<\/p>\n<p>Sp\u00f8rgsm\u00e5let om eksklusion skal afg\u00f8res p\u00e5 f\u00f8rstkommende bestyrelsesm\u00f8de, en eksklusion<\/p>\n<p>kr\u00e6ver mindst at 2\/3 af bestyrelsen har stemt for eksklusionen.<\/p>\n<p>Vedkommende skal, inden bestyrelsen tr\u00e6ffer sin afg\u00f8relse, have haft lejlighed til at fremf\u00f8re<\/p>\n<p>sit forsvar, og medlemmet kan kr\u00e6ve at sp\u00f8rgsm\u00e5let om eksklusion afg\u00f8res p\u00e5 en<\/p>\n<p>ekstraordin\u00e6r generalforsamling. Medlemmet har krav p\u00e5, ved fremm\u00f8de at forsvarer sig.<\/p>\n<p>Et medlem der er ekskluderet jf. denne paragraf kan senere alene optages som medlem ved<\/p>\n<p>en ny generalforsamling.<\/p>\n<p>11. Doping<\/p>\n<p>Stk.1<\/p>\n<p>Klubben k\u00e6mper aktivt for en ren sport.<\/p>\n<p>Klubben f\u00f8lger love og regler fra Antidoping Danmark.<\/p>\n<p>Begrundet mistanke om brug af doping f\u00f8rer til karant\u00e6ne og positivt dopingresultat f\u00f8rer til<\/p>\n<p>\u00f8jeblikkelig eksklusion af medlemmet, hvor reglerne i \u00a7 10 ikke finder anvendelse.<\/p>\n<p>Stk. 2<\/p>\n<p>Et medlem som anvender midler, der er registreret p\u00e5 listen over forbudte midler jf.<\/p>\n<p>Antidoping Danmark, er forpligtet til at f\u00e5 indhentet de forn\u00f8dne attester, som til enhver tid<\/p>\n<p>skal kunne forevises.<\/p>\n<ul>\n<li>Etisk regels\u00e6t for medlemmer i klubben<\/li>\n<li>Vis respekt for dine medmennesker.<\/li>\n<li>Vis respekt for naturen.<\/li>\n<li>Tag kraftig afstand fra doping.<\/li>\n<li>V\u00e6r villig til at yde et stykke arbejde for klubben.<\/li>\n<li>V\u00e6r med til at opbygge en harmonisk Klub, hvor der hersker et godt kammeratskab og sammenhold.<\/li>\n<li>V\u00e6r med til at hj\u00e6lpe hinanden under tr\u00e6ning, f.eks. ved defekt\/styrt.<\/li>\n<li>Overhold alle f\u00e6rdselsregler og udvis s\u00e6rlig agtp\u00e5givenhed og venlighed ved m\u00f8det med andre brugere af f.eks. et skovomr\u00e5de.<\/li>\n<li>V\u00e6r med til at profilere vores sponsorer mest muligt, hvorfor det ogs\u00e5 er bedst, at al cykling i klubbens regi foreg\u00e5r i officiel klubdragt ligesom der altid b\u00e6res hjelm under tr\u00e6ning og konkurrence.<\/li>\n<\/ul>\n<p>&nbsp;<\/p>\n<p>13. B\u00f8rneattest<\/p>\n<p>Alle bestyrelsesmedlemmer, samt alle medlemmer der arbejder med b\u00f8rn og unge, skal give<\/p>\n<p>skriftlig tilladelse til at b\u00f8rneattest indhentes. Hvis en s\u00e5dan tilladelse ikke gives, kan<\/p>\n<p>vedkommende ikke v\u00e6re i bestyrelsen eller arbejde med b\u00f8rn og unge.<\/p>\n<p>Det er formandens ansvar, at der indhentes de forn\u00f8dne attester og da b\u00f8rneattesten vedr\u00f8rer<\/p>\n<p>fortiden, er det formandens ansvar, at der efterf\u00f8lgende foretages opf\u00f8lgning i form af<\/p>\n<p>stikpr\u00f8ver.<\/p>\n<p>14. Opl\u00f8sning<\/p>\n<p>Klubbens opl\u00f8sning kan kun ske ved en ekstraordin\u00e6r generalforsamling, hvor mindst<\/p>\n<p>halvdelen af stemmeberettigede medlemmer er fremm\u00f8dte, og mindst \u00be af de fremm\u00f8dte<\/p>\n<p>medlemmer stemmer derfor. Er denne generalforsamling ikke beslutningsdygtig, kan<\/p>\n<p>bestyrelsen indkalde til ny generalforsamling, med minimum 8 dages varsel. Ved denne<\/p>\n<p>generalforsamling er almindeligt stemmeflertal tilstr\u00e6kkeligt til vedtagelse af opl\u00f8sning.<\/p>\n<p>P\u00e5 generalforsamlingen skal der samtidig tr\u00e6ffes bestemmelse om, hvad der skal ske med<\/p>\n<p>klubbens formue, herunder fast ejendom og l\u00f8s\u00f8re, dog er simpelt stemmeflertal her<\/p>\n<p>tilstr\u00e6kkeligt.<\/p>\n<p>I tilf\u00e6lde af klubbens opl\u00f8sning skal den formue, der er i behold, b\u00e5ndl\u00e6gges i fem \u00e5r.<\/p>\n<p>S\u00e5fremt der indenfor denne periode tages initiativ til oprettelse af en ny Klub med samme<\/p>\n<p>form\u00e5l, tilfalder midlerne denne klub.<\/p>\n<p>Efter b\u00e5ndl\u00e6ggelsens udl\u00f8b tilfalder midlerne HFIF, som donerer bel\u00f8bet til \u00f8konomisk mest tr\u00e6ngende afdeling.<\/p>\n<p>Vedtaget p\u00e5 generalforsamling den 04.02.2018, og g\u00e6ldende fra d. 01.04.2018.<\/p>\n<p>&nbsp;<\/p>\n<p>Underskrevet af klubbens ansvarlige bestyrelse:<\/p>\n<p>&nbsp;<\/p>\n<p>Dato: 04.02.2018<\/p>\n<p>&nbsp;<\/p>\n<p>_________________\u00a0\u00a0\u00a0\u00a0\u00a0\u00a0\u00a0\u00a0\u00a0\u00a0\u00a0\u00a0\u00a0\u00a0 ________________\u00a0\u00a0\u00a0\u00a0\u00a0\u00a0\u00a0\u00a0\u00a0\u00a0\u00a0\u00a0\u00a0\u00a0\u00a0\u00a0\u00a0 _____________________<\/p>\n<p>Kenneth Boye Jensen\u00a0 \u00a0 \u00a0 \u00a0 \u00a0 \u00a0 \u00a0 Per Beck\u00a0 \u00a0 \u00a0 \u00a0 \u00a0 \u00a0 \u00a0 \u00a0 \u00a0 \u00a0 \u00a0 \u00a0 \u00a0 \u00a0 \u00a0 \u00a0 \u00a0 \u00a0 Nikoline Herzog<\/p>\n<p>&nbsp;<\/p>\n<p>_________________\u00a0\u00a0\u00a0\u00a0\u00a0\u00a0\u00a0\u00a0\u00a0\u00a0\u00a0\u00a0\u00a0\u00a0 ________________\u00a0 \u00a0 \u00a0 \u00a0 \u00a0 \u00a0 \u00a0 \u00a0 \u00a0 _____________________<\/p>\n<p>Kennet Petersen\u00a0 \u00a0 \u00a0 \u00a0 \u00a0 \u00a0 \u00a0 \u00a0 \u00a0 \u00a0 \u00a0 Jacob Jacobsen\u00a0 \u00a0 \u00a0 \u00a0 \u00a0 \u00a0 \u00a0 \u00a0 \u00a0 \u00a0 \u00a0 \u00a0 \u00a0 \u00a0 \u00a0Bent Thestrup<\/p>\n<p>&nbsp;<\/p>","protected":false},"excerpt":{"rendered":"<p>Vedt\u00e6gter for Gr\u00e6nseegnens Mountainbike Klub 1. Hjemsted: Klubbens navn er &#8221; Gr\u00e6nseegnens Mountainbike Klub &#8221; med hjemsted i \u00c5benr\u00e5 Kommune. Klubben er organiseret som en selvst\u00e6ndig forening med CVR-nummer 39365804. 2. Kerneomr\u00e5der: Bredde mountainbike som henvender sig til motionister i alle aldre. Talentudvikling \u2013 l\u00f8bende n\u00e5r talent spottes. Elite mountainbike \u2013 m\u00e5ske p\u00e5 lidt l\u00e6ngere [&hellip;]<\/p>\n","protected":false},"author":4,"featured_media":0,"parent":0,"menu_order":0,"comment_status":"closed","ping_status":"closed","template":"","meta":{"footnotes":""},"_links":{"self":[{"href":"https:\/\/gmbk.dk\/index.php?rest_route=\/wp\/v2\/pages\/465"}],"collection":[{"href":"https:\/\/gmbk.dk\/index.php?rest_route=\/wp\/v2\/pages"}],"about":[{"href":"https:\/\/gmbk.dk\/index.php?rest_route=\/wp\/v2\/types\/page"}],"author":[{"embeddable":true,"href":"https:\/\/gmbk.dk\/index.php?rest_route=\/wp\/v2\/users\/4"}],"replies":[{"embeddable":true,"href":"https:\/\/gmbk.dk\/index.php?rest_route=%2Fwp%2Fv2%2Fcomments&post=465"}],"version-history":[{"count":4,"href":"https:\/\/gmbk.dk\/index.php?rest_route=\/wp\/v2\/pages\/465\/revisions"}],"predecessor-version":[{"id":648,"href":"https:\/\/gmbk.dk\/index.php?rest_route=\/wp\/v2\/pages\/465\/revisions\/648"}],"wp:attachment":[{"href":"https:\/\/gmbk.dk\/index.php?rest_route=%2Fwp%2Fv2%2Fmedia&parent=465"}],"curies":[{"name":"wp","href":"https:\/\/api.w.org\/{rel}","templated":true}]}}