{"id":491,"date":"2016-04-17T17:15:21","date_gmt":"2016-04-17T16:15:21","guid":{"rendered":"http:\/\/gmbk.dk\/?page_id=491"},"modified":"2018-12-12T16:47:26","modified_gmt":"2018-12-12T15:47:26","slug":"nyheder","status":"publish","type":"page","link":"https:\/\/gmbk.dk\/?page_id=491","title":{"rendered":"NYHEDER"},"content":{"rendered":"<p>GMBK blev lige fra starten stiftet som en klub med egen bestyrelse og egen \u00f8konomi og egne \u00e5rlige Generalforsamlinger og har iht en afstemning p\u00e5 de seneste generalforsamling etableret en 100% egen identitet. Det best\u00e5ende gode samarbejde med Naturskolen i Kelstrup Plantage er nu udvidet til at klubbens hjemsted flyttes til adressen Stokkebrovej 2, 6340 Krus\u00e5, hvor der p\u00e5 sigt vil etableres meget fordelagtige vilk\u00e5r for klubben, herunder bl.a. klubhus og teknikbane etc.<\/p>\n<p>Det gode samarbejde med HFIF vil\u00a0 forts\u00e6tte uanf\u00e6gtet p\u00e5 det rent sportslige niveau i det omfang det er muligt. P\u00e5 samme m\u00e5de vil GMBK underst\u00f8tte, det under HFIF indledte samarbejde med Gr\u00e6nseegnens Friskole, hvor GMBK er praktiksted for friskolens &#8220;Tr\u00e6nerspirer&#8221; samt fortsat vil v\u00e6re en fast disciplin p\u00e5 Skolernes Motionsdag.<\/p>\n<p>Det er sk\u00f8nt at v\u00e6re lokal&#8230;<\/p>","protected":false},"excerpt":{"rendered":"<p>GMBK blev lige fra starten stiftet som en klub med egen bestyrelse og egen \u00f8konomi og egne \u00e5rlige Generalforsamlinger og har iht en afstemning p\u00e5 de seneste generalforsamling etableret en 100% egen identitet. Det best\u00e5ende gode samarbejde med Naturskolen i Kelstrup Plantage er nu udvidet til at klubbens hjemsted flyttes til adressen Stokkebrovej 2, 6340 [&hellip;]<\/p>\n","protected":false},"author":4,"featured_media":0,"parent":0,"menu_order":0,"comment_status":"closed","ping_status":"closed","template":"","meta":{"footnotes":""},"_links":{"self":[{"href":"https:\/\/gmbk.dk\/index.php?rest_route=\/wp\/v2\/pages\/491"}],"collection":[{"href":"https:\/\/gmbk.dk\/index.php?rest_route=\/wp\/v2\/pages"}],"about":[{"href":"https:\/\/gmbk.dk\/index.php?rest_route=\/wp\/v2\/types\/page"}],"author":[{"embeddable":true,"href":"https:\/\/gmbk.dk\/index.php?rest_route=\/wp\/v2\/users\/4"}],"replies":[{"embeddable":true,"href":"https:\/\/gmbk.dk\/index.php?rest_route=%2Fwp%2Fv2%2Fcomments&post=491"}],"version-history":[{"count":19,"href":"https:\/\/gmbk.dk\/index.php?rest_route=\/wp\/v2\/pages\/491\/revisions"}],"predecessor-version":[{"id":494,"href":"https:\/\/gmbk.dk\/index.php?rest_route=\/wp\/v2\/pages\/491\/revisions\/494"}],"wp:attachment":[{"href":"https:\/\/gmbk.dk\/index.php?rest_route=%2Fwp%2Fv2%2Fmedia&parent=491"}],"curies":[{"name":"wp","href":"https:\/\/api.w.org\/{rel}","templated":true}]}}