{"id":636,"date":"2018-03-30T10:50:13","date_gmt":"2018-03-30T09:50:13","guid":{"rendered":"http:\/\/gmbk.dk\/?page_id=636"},"modified":"2018-03-30T10:52:40","modified_gmt":"2018-03-30T09:52:40","slug":"artikler-i-pressen-om-gmbk","status":"publish","type":"page","link":"https:\/\/gmbk.dk\/?page_id=636","title":{"rendered":"Artikler i pressen om GMBK"},"content":{"rendered":"<blockquote class=\"wp-embedded-content\" data-secret=\"UADYOxjk08\"><p><a href=\"https:\/\/mtbx.dk\/paaskeferie-graenselandet-paa-jagt-spor.html\">P\u00e5skeferie i gr\u00e6nselandet &#8211; P\u00e5 jagt efter spor<\/a><\/p><\/blockquote>\n<p><iframe class=\"wp-embedded-content\" sandbox=\"allow-scripts\" security=\"restricted\" style=\"position: absolute; clip: rect(1px, 1px, 1px, 1px);\" src=\"https:\/\/mtbx.dk\/paaskeferie-graenselandet-paa-jagt-spor.html\/embed#?secret=UADYOxjk08\" data-secret=\"UADYOxjk08\" width=\"600\" height=\"338\" title=\"&#8220;P\u00e5skeferie i gr\u00e6nselandet &#8211; P\u00e5 jagt efter spor&#8221; &#8212; MTBX - Mountainbike magasin\" frameborder=\"0\" marginwidth=\"0\" marginheight=\"0\" scrolling=\"no\"><\/iframe><\/p>","protected":false},"excerpt":{"rendered":"<p>P\u00e5skeferie i gr\u00e6nselandet &#8211; P\u00e5 jagt efter spor<\/p>\n","protected":false},"author":4,"featured_media":0,"parent":0,"menu_order":0,"comment_status":"closed","ping_status":"closed","template":"","meta":{"footnotes":""},"_links":{"self":[{"href":"https:\/\/gmbk.dk\/index.php?rest_route=\/wp\/v2\/pages\/636"}],"collection":[{"href":"https:\/\/gmbk.dk\/index.php?rest_route=\/wp\/v2\/pages"}],"about":[{"href":"https:\/\/gmbk.dk\/index.php?rest_route=\/wp\/v2\/types\/page"}],"author":[{"embeddable":true,"href":"https:\/\/gmbk.dk\/index.php?rest_route=\/wp\/v2\/users\/4"}],"replies":[{"embeddable":true,"href":"https:\/\/gmbk.dk\/index.php?rest_route=%2Fwp%2Fv2%2Fcomments&post=636"}],"version-history":[{"count":2,"href":"https:\/\/gmbk.dk\/index.php?rest_route=\/wp\/v2\/pages\/636\/revisions"}],"predecessor-version":[{"id":639,"href":"https:\/\/gmbk.dk\/index.php?rest_route=\/wp\/v2\/pages\/636\/revisions\/639"}],"wp:attachment":[{"href":"https:\/\/gmbk.dk\/index.php?rest_route=%2Fwp%2Fv2%2Fmedia&parent=636"}],"curies":[{"name":"wp","href":"https:\/\/api.w.org\/{rel}","templated":true}]}}