{"id":98,"date":"2014-10-03T10:21:28","date_gmt":"2014-10-03T10:21:28","guid":{"rendered":"http:\/\/gmbk.dk\/?page_id=98"},"modified":"2022-03-15T17:47:54","modified_gmt":"2022-03-15T16:47:54","slug":"klubhus","status":"publish","type":"page","link":"https:\/\/gmbk.dk\/?page_id=98","title":{"rendered":"Klubhus"},"content":{"rendered":"<p>Vi er s\u00e5 heldige at Naturstyrelsen inviterede klubben med i et fremtidigt samarbejde, der indeb\u00e6rer at vi f\u00e5r stillet flere fordele til r\u00e5dighed i et planlagt nyt og st\u00f8rre NaturCenter, der er en slags overbygning til den nuv\u00e6rende Naturskole. Vi har allerede nu adgang til et klubrum og kan benytte Naturhytten som bl.a. samlested for l\u00f8bsafvikling. Det er nu en fordel at v\u00e6re t\u00e6t p\u00e5 skoven \ud83d\ude42<\/p>\n<p>Bestyrelsen holder n\u00e6sten altid m\u00f8de i klubhuset. De kommende \u00e5bne klubm\u00f8der, vil vi ogs\u00e5 fors\u00f8ge at holde samme sted. Der er rigeligt med plads og vi gl\u00e6der os til talst\u00e6rke m\u00f8de fremover, hvor vi alle kan m\u00f8des omkring vores f\u00e6lles passion.<\/p>\n<p>&nbsp;<\/p>\n<p>&nbsp;<\/p>\n<div class=\"boxes\">\n<p>&nbsp;<\/p>\n<div class=\"boxes\"><\/div>\n<\/div>","protected":false},"excerpt":{"rendered":"<p>Vi er s\u00e5 heldige at Naturstyrelsen inviterede klubben med i et fremtidigt samarbejde, der indeb\u00e6rer at vi f\u00e5r stillet flere fordele til r\u00e5dighed i et planlagt nyt og st\u00f8rre NaturCenter, der er en slags overbygning til den nuv\u00e6rende Naturskole. Vi har allerede nu adgang til et klubrum og kan benytte Naturhytten som bl.a. samlested for [&hellip;]<\/p>\n","protected":false},"author":1,"featured_media":0,"parent":0,"menu_order":0,"comment_status":"open","ping_status":"open","template":"","meta":{"footnotes":""},"_links":{"self":[{"href":"https:\/\/gmbk.dk\/index.php?rest_route=\/wp\/v2\/pages\/98"}],"collection":[{"href":"https:\/\/gmbk.dk\/index.php?rest_route=\/wp\/v2\/pages"}],"about":[{"href":"https:\/\/gmbk.dk\/index.php?rest_route=\/wp\/v2\/types\/page"}],"author":[{"embeddable":true,"href":"https:\/\/gmbk.dk\/index.php?rest_route=\/wp\/v2\/users\/1"}],"replies":[{"embeddable":true,"href":"https:\/\/gmbk.dk\/index.php?rest_route=%2Fwp%2Fv2%2Fcomments&post=98"}],"version-history":[{"count":8,"href":"https:\/\/gmbk.dk\/index.php?rest_route=\/wp\/v2\/pages\/98\/revisions"}],"predecessor-version":[{"id":719,"href":"https:\/\/gmbk.dk\/index.php?rest_route=\/wp\/v2\/pages\/98\/revisions\/719"}],"wp:attachment":[{"href":"https:\/\/gmbk.dk\/index.php?rest_route=%2Fwp%2Fv2%2Fmedia&parent=98"}],"curies":[{"name":"wp","href":"https:\/\/api.w.org\/{rel}","templated":true}]}}